{"id":39,"date":"2021-06-05T16:07:32","date_gmt":"2021-06-05T16:07:32","guid":{"rendered":"http:\/\/joannaunddavid.ch\/Morenturm\/wordpress\/?page_id=39"},"modified":"2022-05-16T20:26:19","modified_gmt":"2022-05-16T20:26:19","slug":"umgebung","status":"publish","type":"page","link":"https:\/\/www.morenturm.ch\/index.php\/umgebung\/","title":{"rendered":"Anreise &#038; Umgebung"},"content":{"rendered":"\n<p>Am S\u00fcdrand des vom grossen Brand 1872 verschonten Dorfteils Runatsch in Zernez steht der aus dem 13. Jahrhundert stammende Wohnturm, im Volksmund auch \u00abLa Praschun\u00bb, das Gef\u00e4ngnis, genannt.<\/p>\n\n\n\n<div class=\"wp-block-columns is-layout-flex wp-container-core-columns-is-layout-9d6595d7 wp-block-columns-is-layout-flex\">\n<div class=\"wp-block-column is-layout-flow wp-block-column-is-layout-flow\"><p><iframe loading=\"lazy\" scrolling=\"no\" marginheight=\"0\" marginwidth=\"0\" src=\"https:\/\/www.openstreetmap.org\/export\/embed.html?bbox=10.0955531001091%2C46.69666701360695%2C10.098154842853548%2C46.69896465225006&amp;layer=mapnik&amp;marker=46.69781492535814%2C10.096853971481323\" style=\"border: 1px solid black\" width=\"800\" height=\"600\" frameborder=\"0\"><\/iframe><br \/><small><a href=\"https:\/\/www.openstreetmap.org\/?mlat=46.69781&amp;mlon=10.09685#map=19\/46.69782\/10.09685&amp;layers=N\">Gr\u00f6\u00dfere Karte anzeigen<\/a><\/small><\/p>\n<\/div>\n\n\n\n<div class=\"wp-block-column is-layout-flow wp-block-column-is-layout-flow\"><p><iframe loading=\"lazy\" src=\"https:\/\/map.geo.admin.ch\/embed.html?topic=ech&amp;bgLayer=ch.swisstopo.pixelkarte-farbe&amp;layers=ch.swisstopo.zeitreihen,ch.bfs.gebaeude_wohnungs_register,ch.bav.haltestellen-oev,ch.swisstopo.swisstlm3d-wanderwege,ch.swisstopo.swissnames3d&amp;layers_opacity=1,1,1,0.8,1&amp;layers_visibility=false,false,false,false,true&amp;layers_timestamp=18641231,,,,&amp;lang=de&amp;lon=10.09714&amp;lat=46.69803&amp;elevation=1486&amp;heading=214.859&amp;pitch=-6.281\" style=\"border:0\" width=\"800\" height=\"600\" frameborder=\"0\"><\/iframe><\/p>\n<\/div>\n<\/div>\n\n\n\n<h3 class=\"wp-block-heading\">Anreise<\/h3>\n\n\n\n<div class=\"wp-block-columns is-layout-flex wp-container-core-columns-is-layout-9d6595d7 wp-block-columns-is-layout-flex\">\n<div class=\"wp-block-column is-layout-flow wp-block-column-is-layout-flow\">\n<p>Die \u00abTuor dals Mors\u00bb befindet sich in Zernez, dem zentral gelegenen Verkehrsknotenpunkt im Herzen des Engadins, zwischen St. Moritz und Scuol.<\/p>\n<\/div>\n\n\n\n<div class=\"wp-block-column is-layout-flow wp-block-column-is-layout-flow\">\n<p><strong>Mit dem Zug<\/strong> \u2013 von Z\u00fcrich oder St. Gallen h\u00e4lt der Intercity in Landquart, wo man von der SBB auf die Rh\u00e4tische Bahn umsteigt. Danach via Pr\u00e4ttigau und Vereina-Tunnel direkt nach Zernez. Alternativ kann die Albula-Linie mit Umsteigen in Chur und Samedan \u00fcber das Landwasser-Viadukt, Teil des Unesco-Welterbes gew\u00e4hlt werden.<\/p>\n\n\n\n<p><strong>Mit dem Auto<\/strong> \u2013 aus allen Himmelsrichtungen gut erreichbar: von Basel oder Z\u00fcrich via Vereina-Tunnel (Autoverlad) oder Davos und Fl\u00fcelapass; von Lugano oder Mailand via Bergell, Maloja und St. Moritz; von M\u00fcnchen oder Innsbruck via Landeck und Scuol sowie von Venedig oder Bozen via S\u00fcdtirol, Vinschgau, Val M\u00fcstair und Ofenpass.<\/p>\n<\/div>\n<\/div>\n\n\n\n<h3 class=\"wp-block-heading\">Attraktionen in der Umgebung<\/h3>\n\n\n\n<p>Langlaufen und Wandern vor der Haust\u00fcre der \u00abTuor dals Mors\u00bb. Wellness, Kultur und Gastronomie in unmittelbarer N\u00e4he.<\/p>\n\n\n\n<figure class=\"wp-block-gallery has-nested-images columns-2 is-cropped wp-block-gallery-1 is-layout-flex wp-block-gallery-is-layout-flex\">\n<figure class=\"wp-block-image size-large is-style-rounded\"><a href=\"https:\/\/www.engadin.ch\/de\/sport\/langlaufzentrum-zernez\/\" target=\"_blank\" rel=\"noopener\"><img loading=\"lazy\" decoding=\"async\" width=\"2048\" height=\"1365\" data-id=\"185\" src=\"https:\/\/www.morenturm.ch\/wp-content\/uploads\/2022\/02\/Langla\u0308ufer.jpg\" alt=\"\" class=\"wp-image-185\" srcset=\"https:\/\/www.morenturm.ch\/wp-content\/uploads\/2022\/02\/Langla\u0308ufer.jpg 2048w, https:\/\/www.morenturm.ch\/wp-content\/uploads\/2022\/02\/Langla\u0308ufer-300x200.jpg 300w, https:\/\/www.morenturm.ch\/wp-content\/uploads\/2022\/02\/Langla\u0308ufer-1024x683.jpg 1024w, https:\/\/www.morenturm.ch\/wp-content\/uploads\/2022\/02\/Langla\u0308ufer-768x512.jpg 768w, https:\/\/www.morenturm.ch\/wp-content\/uploads\/2022\/02\/Langla\u0308ufer-1536x1024.jpg 1536w, https:\/\/www.morenturm.ch\/wp-content\/uploads\/2022\/02\/Langla\u0308ufer-1568x1045.jpg 1568w\" sizes=\"auto, (max-width: 2048px) 100vw, 2048px\" \/><\/a><figcaption>Langlaufzentrum Zernez<\/figcaption><\/figure>\n\n\n\n<figure class=\"wp-block-image size-large is-style-rounded\"><a href=\"https:\/\/www.nationalpark.ch\" target=\"_blank\" rel=\"noopener\"><img loading=\"lazy\" decoding=\"async\" width=\"1024\" height=\"625\" data-id=\"288\" src=\"https:\/\/www.morenturm.ch\/wp-content\/uploads\/2022\/05\/SNP_Logo_rand-1024x625.png\" alt=\"\" class=\"wp-image-288\" srcset=\"https:\/\/www.morenturm.ch\/wp-content\/uploads\/2022\/05\/SNP_Logo_rand-1024x625.png 1024w, https:\/\/www.morenturm.ch\/wp-content\/uploads\/2022\/05\/SNP_Logo_rand-300x183.png 300w, https:\/\/www.morenturm.ch\/wp-content\/uploads\/2022\/05\/SNP_Logo_rand-768x469.png 768w, https:\/\/www.morenturm.ch\/wp-content\/uploads\/2022\/05\/SNP_Logo_rand-1536x937.png 1536w, https:\/\/www.morenturm.ch\/wp-content\/uploads\/2022\/05\/SNP_Logo_rand-1568x957.png 1568w, https:\/\/www.morenturm.ch\/wp-content\/uploads\/2022\/05\/SNP_Logo_rand.png 1996w\" sizes=\"auto, (max-width: 1024px) 100vw, 1024px\" \/><\/a><figcaption>Schweizerischer Nationalpark<\/figcaption><\/figure>\n\n\n\n<figure class=\"wp-block-image size-large is-style-rounded\"><a href=\"https:\/\/www.engadin.com\/de\/schloss-planta-wildenberg\" target=\"_blank\" rel=\"noopener\"><img loading=\"lazy\" decoding=\"async\" width=\"931\" height=\"697\" data-id=\"178\" src=\"https:\/\/www.morenturm.ch\/wp-content\/uploads\/2022\/02\/UNADJUSTEDNONRAW_thumb_1bcc0-2-edited.jpg\" alt=\"\" class=\"wp-image-178\" srcset=\"https:\/\/www.morenturm.ch\/wp-content\/uploads\/2022\/02\/UNADJUSTEDNONRAW_thumb_1bcc0-2-edited.jpg 931w, https:\/\/www.morenturm.ch\/wp-content\/uploads\/2022\/02\/UNADJUSTEDNONRAW_thumb_1bcc0-2-edited-300x225.jpg 300w, https:\/\/www.morenturm.ch\/wp-content\/uploads\/2022\/02\/UNADJUSTEDNONRAW_thumb_1bcc0-2-edited-768x575.jpg 768w\" sizes=\"auto, (max-width: 931px) 100vw, 931px\" \/><\/a><figcaption>Schloss Planta von Wildenberg<\/figcaption><\/figure>\n\n\n\n<figure class=\"wp-block-image size-large is-style-rounded\"><a href=\"https:\/\/muzeumsusch.ch\/\" target=\"_blank\" rel=\"noopener\"><img loading=\"lazy\" decoding=\"async\" width=\"614\" height=\"460\" data-id=\"182\" src=\"https:\/\/www.morenturm.ch\/wp-content\/uploads\/2022\/02\/UNADJUSTEDNONRAW_thumb_1c9b2-edited-1.jpg\" alt=\"\" class=\"wp-image-182\" srcset=\"https:\/\/www.morenturm.ch\/wp-content\/uploads\/2022\/02\/UNADJUSTEDNONRAW_thumb_1c9b2-edited-1.jpg 614w, https:\/\/www.morenturm.ch\/wp-content\/uploads\/2022\/02\/UNADJUSTEDNONRAW_thumb_1c9b2-edited-1-300x225.jpg 300w\" sizes=\"auto, (max-width: 614px) 100vw, 614px\" \/><\/a><figcaption>Muzeum Susch<\/figcaption><\/figure>\n\n\n\n<figure class=\"wp-block-image size-large is-style-rounded\"><a href=\"https:\/\/www.zernez.ch\/freizeit\/familienbad\/\" target=\"_blank\" rel=\"noopener\"><img loading=\"lazy\" decoding=\"async\" width=\"709\" height=\"480\" data-id=\"189\" src=\"https:\/\/www.morenturm.ch\/wp-content\/uploads\/2022\/02\/Bildschirmfoto-2022-02-26-um-16.08.53.png\" alt=\"\" class=\"wp-image-189\" srcset=\"https:\/\/www.morenturm.ch\/wp-content\/uploads\/2022\/02\/Bildschirmfoto-2022-02-26-um-16.08.53.png 709w, https:\/\/www.morenturm.ch\/wp-content\/uploads\/2022\/02\/Bildschirmfoto-2022-02-26-um-16.08.53-300x203.png 300w\" sizes=\"auto, (max-width: 709px) 100vw, 709px\" \/><\/a><figcaption>Familienbad Zernez<\/figcaption><\/figure>\n\n\n\n<figure class=\"wp-block-image size-large is-style-rounded\"><a href=\"https:\/\/www.engadin.ch\/de\/museen\/nationalparkzentrum\/\" target=\"_blank\" rel=\"noopener\"><img loading=\"lazy\" decoding=\"async\" width=\"1024\" height=\"768\" data-id=\"190\" src=\"https:\/\/www.morenturm.ch\/wp-content\/uploads\/2022\/02\/UNADJUSTEDNONRAW_thumb_1aaa8.jpg\" alt=\"\" class=\"wp-image-190\" srcset=\"https:\/\/www.morenturm.ch\/wp-content\/uploads\/2022\/02\/UNADJUSTEDNONRAW_thumb_1aaa8.jpg 1024w, https:\/\/www.morenturm.ch\/wp-content\/uploads\/2022\/02\/UNADJUSTEDNONRAW_thumb_1aaa8-300x225.jpg 300w, https:\/\/www.morenturm.ch\/wp-content\/uploads\/2022\/02\/UNADJUSTEDNONRAW_thumb_1aaa8-768x576.jpg 768w\" sizes=\"auto, (max-width: 1024px) 100vw, 1024px\" \/><\/a><figcaption>Nationalparkmuseum Zernez<\/figcaption><\/figure>\n<\/figure>\n\n\n\n<div class=\"wp-block-columns is-layout-flex wp-container-core-columns-is-layout-9d6595d7 wp-block-columns-is-layout-flex\">\n<div class=\"wp-block-column is-layout-flow wp-block-column-is-layout-flow\">\n<div class=\"wp-block-columns is-layout-flex wp-container-core-columns-is-layout-9d6595d7 wp-block-columns-is-layout-flex\">\n<div class=\"wp-block-column is-layout-flow wp-block-column-is-layout-flow\" style=\"flex-basis:33.33%\">\n<figure class=\"wp-block-image size-full\"><img loading=\"lazy\" decoding=\"async\" width=\"710\" height=\"255\" src=\"https:\/\/www.morenturm.ch\/wp-content\/uploads\/2022\/02\/Zernez_Logo.jpg\" alt=\"\" class=\"wp-image-195\" srcset=\"https:\/\/www.morenturm.ch\/wp-content\/uploads\/2022\/02\/Zernez_Logo.jpg 710w, https:\/\/www.morenturm.ch\/wp-content\/uploads\/2022\/02\/Zernez_Logo-300x108.jpg 300w\" sizes=\"auto, (max-width: 710px) 100vw, 710px\" \/><\/figure>\n<\/div>\n\n\n\n<div class=\"wp-block-column is-layout-flow wp-block-column-is-layout-flow\" style=\"flex-basis:66.66%\">\n<p>Weitere Informationen zur Feriendestination:<br><a rel=\"noreferrer noopener\" href=\"https:\/\/www.zernez.ch\/de\/\" target=\"_blank\">Zernez \u2013 Das Tor zum Nationalpark<\/a>.<\/p>\n<\/div>\n<\/div>\n<\/div>\n<\/div>\n\n\n\n<div class=\"wp-block-columns is-layout-flex wp-container-core-columns-is-layout-9d6595d7 wp-block-columns-is-layout-flex\">\n<div class=\"wp-block-column is-layout-flow wp-block-column-is-layout-flow\"><\/div>\n<\/div>\n\n\n\n<p>Wir freuen uns auf Ihre <a href=\"https:\/\/www.morenturm.ch\/index.php\/kontakt\/\" data-type=\"page\" data-id=\"41\">Kontaktaufnahme<\/a>!<\/p>\n","protected":false},"excerpt":{"rendered":"<p>Am S\u00fcdrand des vom grossen Brand 1872 verschonten Dorfteils Runatsch in Zernez steht der aus dem 13. Jahrhundert stammende Wohnturm, im Volksmund auch \u00abLa Praschun\u00bb, das Gef\u00e4ngnis, genannt. Anreise Die \u00abTuor dals Mors\u00bb befindet sich in Zernez, dem zentral gelegenen Verkehrsknotenpunkt im Herzen des Engadins, zwischen St. Moritz und Scuol. Mit dem Zug \u2013 von &hellip; <\/p>\n<p class=\"link-more\"><a href=\"https:\/\/www.morenturm.ch\/index.php\/umgebung\/\" class=\"more-link\"><span class=\"screen-reader-text\">&#171;Anreise &#038; Umgebung&#187;<\/span> weiterlesen<\/a><\/p>\n","protected":false},"author":1,"featured_media":0,"parent":0,"menu_order":0,"comment_status":"closed","ping_status":"closed","template":"","meta":{"footnotes":""},"class_list":["post-39","page","type-page","status-publish","hentry","entry"],"_links":{"self":[{"href":"https:\/\/www.morenturm.ch\/index.php\/wp-json\/wp\/v2\/pages\/39","targetHints":{"allow":["GET"]}}],"collection":[{"href":"https:\/\/www.morenturm.ch\/index.php\/wp-json\/wp\/v2\/pages"}],"about":[{"href":"https:\/\/www.morenturm.ch\/index.php\/wp-json\/wp\/v2\/types\/page"}],"author":[{"embeddable":true,"href":"https:\/\/www.morenturm.ch\/index.php\/wp-json\/wp\/v2\/users\/1"}],"replies":[{"embeddable":true,"href":"https:\/\/www.morenturm.ch\/index.php\/wp-json\/wp\/v2\/comments?post=39"}],"version-history":[{"count":33,"href":"https:\/\/www.morenturm.ch\/index.php\/wp-json\/wp\/v2\/pages\/39\/revisions"}],"predecessor-version":[{"id":311,"href":"https:\/\/www.morenturm.ch\/index.php\/wp-json\/wp\/v2\/pages\/39\/revisions\/311"}],"wp:attachment":[{"href":"https:\/\/www.morenturm.ch\/index.php\/wp-json\/wp\/v2\/media?parent=39"}],"curies":[{"name":"wp","href":"https:\/\/api.w.org\/{rel}","templated":true}]}}